{"id":46,"date":"2021-08-31T17:43:14","date_gmt":"2021-08-31T15:43:14","guid":{"rendered":"http:\/\/localhost\/manhove_stables\/?page_id=46"},"modified":"2021-11-04T14:48:16","modified_gmt":"2021-11-04T13:48:16","slug":"infrastructures","status":"publish","type":"page","link":"https:\/\/manhovestables.com\/nl\/infrastructures\/","title":{"rendered":"Infrastructuur"},"content":{"rendered":"<div class=\"vce-row-container\" data-vce-boxed-width=\"true\"><div class=\"vce-row vce-row--col-gap-30 vce-row-equal-height vce-row-content--top\" id=\"el-61900ac2\" data-vce-do-apply=\"all el-61900ac2\"><div class=\"vce-content-background-container\"><\/div><div class=\"vce-row-content\" data-vce-element-content=\"true\"><div class=\"vce-col vce-col--md-auto vce-col--xs-1 vce-col--xs-last vce-col--xs-first vce-col--sm-last vce-col--sm-first vce-col--md-last vce-col--lg-last vce-col--xl-last vce-col--md-first vce-col--lg-first vce-col--xl-first\" id=\"el-8e8c4a17\"><div class=\"vce-col-inner\" data-vce-do-apply=\"border margin background  el-8e8c4a17\"><div class=\"vce-content-background-container\"><\/div><div class=\"vce-col-content\" data-vce-element-content=\"true\" data-vce-do-apply=\"padding el-8e8c4a17\"><div class=\"vce-text-block\"><div class=\"vce-text-block-wrapper vce\" id=\"el-834175be\" data-vce-do-apply=\"all el-834175be\"><h2 style=\"line-height: 1;\"><span style=\"font-size: 22pt;\"><strong><span style=\"color: #15a558;\">Onze infrastructuur<\/span><\/strong><\/span><\/h2><p><span style=\"color: #000000;\">Hierbij vindt u de aanwezige installaties en materiaal ter uwer beschikking :<\/span><\/p><ul><li><span style=\"color: #000000;\">19 Stallen<\/span><\/li><li><span style=\"color: #000000;\">Binnenpiste (20x40)<\/span><\/li><li><span style=\"color: #000000;\">Buitenpiste (20x40)<\/span><\/li><li><span style=\"color: #000000;\">Poetsplaats met douche (warm water)<\/span><\/li><li><span style=\"color: #000000;\">Solarium<\/span><\/li><li><span style=\"color: #000000;\">Stapmolen<\/span><\/li><li><span style=\"color: #000000;\">Weiden en paddocks<\/span><\/li><li><span style=\"color: #000000;\">Springmateriaal<\/span><\/li><\/ul><\/div><\/div><div class=\"vce-image-gallery vce-image-gallery--gap-16 vce-image-gallery--columns-3 vce-image-gallery--border-rounded\"><div class=\"vce-image-gallery-wrapper vce\" id=\"el-56584879\" data-vce-do-apply=\"all el-56584879\"><div class=\"vce-image-gallery-list\"><div class=\"vce-image-gallery-item\"><figure class=\"vce-image-gallery-item-inner-wrapper\"><a href=\"https:\/\/manhovestables.com\/wp-content\/uploads\/2021\/08\/20201014_114956-scaled.jpg\" data-lightbox=\"lightbox-56584879\" class=\"vce-image-gallery-item-inner\"><img decoding=\"async\" class=\"vce-image-gallery-img vce-image-gallery-img--orientation-portrait\" src=\"https:\/\/manhovestables.com\/wp-content\/uploads\/2021\/08\/20201014_114956-768x1024.jpg\" alt=\"boxe Stalling\" title=\"20201014_114956\"><\/a><\/figure><\/div><div class=\"vce-image-gallery-item\"><figure class=\"vce-image-gallery-item-inner-wrapper\"><a href=\"https:\/\/manhovestables.com\/wp-content\/uploads\/2021\/09\/20210925_105200-min-scaled.jpg\" data-lightbox=\"lightbox-56584879\" class=\"vce-image-gallery-item-inner\"><img decoding=\"async\" class=\"vce-image-gallery-img\" src=\"https:\/\/manhovestables.com\/wp-content\/uploads\/2021\/09\/20210925_105200-min-1024x768.jpg\" alt=\"Piste int\u00e9rieure et mat\u00e9riel d'obstacle\" title=\"20210925_105200-min\"><\/a><\/figure><\/div><div class=\"vce-image-gallery-item\"><figure class=\"vce-image-gallery-item-inner-wrapper\"><a href=\"https:\/\/manhovestables.com\/wp-content\/uploads\/2021\/09\/20210925_105110-min-scaled.jpg\" data-lightbox=\"lightbox-56584879\" class=\"vce-image-gallery-item-inner\"><img decoding=\"async\" class=\"vce-image-gallery-img vce-image-gallery-img--orientation-portrait\" src=\"https:\/\/manhovestables.com\/wp-content\/uploads\/2021\/09\/20210925_105110-min-768x1024.jpg\" alt=\"piste int\u00e9rieure\" title=\"20210925_105110-min\"><\/a><\/figure><\/div><div class=\"vce-image-gallery-item\"><figure class=\"vce-image-gallery-item-inner-wrapper\"><a href=\"https:\/\/manhovestables.com\/wp-content\/uploads\/2021\/08\/20201014_115128-scaled.jpg\" data-lightbox=\"lightbox-56584879\" class=\"vce-image-gallery-item-inner\"><img decoding=\"async\" class=\"vce-image-gallery-img vce-image-gallery-img--orientation-portrait\" src=\"https:\/\/manhovestables.com\/wp-content\/uploads\/2021\/08\/20201014_115128-768x1024.jpg\" alt=\"\" title=\"20201014_115128\"><\/a><\/figure><\/div><div class=\"vce-image-gallery-item\"><figure class=\"vce-image-gallery-item-inner-wrapper\"><a href=\"https:\/\/manhovestables.com\/wp-content\/uploads\/2021\/08\/20201014_115147-scaled.jpg\" data-lightbox=\"lightbox-56584879\" class=\"vce-image-gallery-item-inner\"><img decoding=\"async\" class=\"vce-image-gallery-img vce-image-gallery-img--orientation-portrait\" src=\"https:\/\/manhovestables.com\/wp-content\/uploads\/2021\/08\/20201014_115147-768x1024.jpg\" alt=\"solarium\" title=\"20201014_115147\"><\/a><\/figure><\/div><div class=\"vce-image-gallery-item\"><figure class=\"vce-image-gallery-item-inner-wrapper\"><a href=\"https:\/\/manhovestables.com\/wp-content\/uploads\/2021\/11\/20211027_182952-min-scaled.jpg\" data-lightbox=\"lightbox-56584879\" class=\"vce-image-gallery-item-inner\"><img decoding=\"async\" class=\"vce-image-gallery-img\" src=\"https:\/\/manhovestables.com\/wp-content\/uploads\/2021\/11\/20211027_182952-min-1024x768.jpg\" alt=\"Marcheur\" title=\"20211027_182952-min\"><\/a><\/figure><\/div><div class=\"vce-image-gallery-item\"><figure class=\"vce-image-gallery-item-inner-wrapper\"><a href=\"https:\/\/manhovestables.com\/wp-content\/uploads\/2021\/08\/cropped-20201014_115128-scaled-1.jpg\" data-lightbox=\"lightbox-56584879\" class=\"vce-image-gallery-item-inner\"><img decoding=\"async\" class=\"vce-image-gallery-img\" src=\"https:\/\/manhovestables.com\/wp-content\/uploads\/2021\/08\/cropped-20201014_115128-scaled-1-1024x589.jpg\" alt=\"espace de pansage et douche\" title=\"cropped-20201014_115128-scaled-1.jpg\"><\/a><\/figure><\/div><div class=\"vce-image-gallery-item\"><figure class=\"vce-image-gallery-item-inner-wrapper\"><a href=\"https:\/\/manhovestables.com\/wp-content\/uploads\/2021\/08\/20191231_082604-scaled.jpg\" data-lightbox=\"lightbox-56584879\" class=\"vce-image-gallery-item-inner\"><img decoding=\"async\" class=\"vce-image-gallery-img\" src=\"https:\/\/manhovestables.com\/wp-content\/uploads\/2021\/08\/20191231_082604-1024x489.jpg\" alt=\"manhove stables\" title=\"20191231_082604\"><\/a><\/figure><\/div><div class=\"vce-image-gallery-item\"><figure class=\"vce-image-gallery-item-inner-wrapper\"><a href=\"https:\/\/manhovestables.com\/wp-content\/uploads\/2021\/08\/IMG-20200503-WA0007.jpg\" data-lightbox=\"lightbox-56584879\" class=\"vce-image-gallery-item-inner\"><img decoding=\"async\" class=\"vce-image-gallery-img\" src=\"https:\/\/manhovestables.com\/wp-content\/uploads\/2021\/08\/IMG-20200503-WA0007-1024x576.jpg\" alt=\"Man\u00e8ge \u00e0 Herne\" title=\"IMG-20200503-WA0007\"><\/a><\/figure><\/div><div class=\"vce-image-gallery-item\"><figure class=\"vce-image-gallery-item-inner-wrapper\"><a href=\"https:\/\/manhovestables.com\/wp-content\/uploads\/2021\/09\/20210610_174605-min-scaled.jpg\" data-lightbox=\"lightbox-56584879\" class=\"vce-image-gallery-item-inner\"><img decoding=\"async\" class=\"vce-image-gallery-img\" src=\"https:\/\/manhovestables.com\/wp-content\/uploads\/2021\/09\/20210610_174605-min-1024x768.jpg\" alt=\"\" title=\"20210610_174605-min\"><\/a><\/figure><\/div><div class=\"vce-image-gallery-item\"><figure class=\"vce-image-gallery-item-inner-wrapper\"><a href=\"https:\/\/manhovestables.com\/wp-content\/uploads\/2021\/09\/20210907_115904-min-scaled.jpg\" data-lightbox=\"lightbox-56584879\" class=\"vce-image-gallery-item-inner\"><img decoding=\"async\" class=\"vce-image-gallery-img vce-image-gallery-img--orientation-portrait\" src=\"https:\/\/manhovestables.com\/wp-content\/uploads\/2021\/09\/20210907_115904-min-768x1024.jpg\" alt=\"chemin dans les prairies\" title=\"20210907_115904-min\"><\/a><\/figure><\/div><\/div><\/div><\/div><div class=\"vce-row-container\" data-vce-boxed-width=\"true\"><div class=\"vce-row vce-row--col-gap-30 vce-row-equal-height vce-row-content--top\" id=\"el-90300924\" data-vce-do-apply=\"all el-90300924\"><div class=\"vce-row-content\" data-vce-element-content=\"true\"><div class=\"vce-col vce-col--md-auto vce-col--xs-1 vce-col--xs-last vce-col--xs-first vce-col--sm-last vce-col--sm-first vce-col--md-last vce-col--lg-last vce-col--xl-last vce-col--md-first vce-col--lg-first vce-col--xl-first\" id=\"el-08246e8f\"><div class=\"vce-col-inner\" data-vce-do-apply=\"border margin background  el-08246e8f\"><div class=\"vce-col-content\" data-vce-element-content=\"true\" data-vce-do-apply=\"padding el-08246e8f\"><\/div><\/div><\/div><\/div><\/div><\/div><\/div><\/div><\/div><\/div><\/div><\/div>","protected":false},"excerpt":{"rendered":"<p>Nos infrastructuresVoici la liste des am\u00e9nagements et du mat\u00e9riel mis \u00e0 votre disposition:19 BoxesPiste int\u00e9rieure (20&#215;40) Hers\u00e9e et arros\u00e9ePiste ext\u00e9rieure (20&#215;40) Hers\u00e9e et arros\u00e9eEspace de pansage avec douche (eau chaude)SolariumMarcheurPrairies\/paddocksMat\u00e9riel d&rsquo;obstacle<\/p>","protected":false},"author":2,"featured_media":0,"parent":0,"menu_order":0,"comment_status":"closed","ping_status":"closed","template":"","meta":{"footnotes":""},"class_list":["post-46","page","type-page","status-publish","hentry"],"_links":{"self":[{"href":"https:\/\/manhovestables.com\/nl\/wp-json\/wp\/v2\/pages\/46","targetHints":{"allow":["GET"]}}],"collection":[{"href":"https:\/\/manhovestables.com\/nl\/wp-json\/wp\/v2\/pages"}],"about":[{"href":"https:\/\/manhovestables.com\/nl\/wp-json\/wp\/v2\/types\/page"}],"author":[{"embeddable":true,"href":"https:\/\/manhovestables.com\/nl\/wp-json\/wp\/v2\/users\/2"}],"replies":[{"embeddable":true,"href":"https:\/\/manhovestables.com\/nl\/wp-json\/wp\/v2\/comments?post=46"}],"version-history":[{"count":24,"href":"https:\/\/manhovestables.com\/nl\/wp-json\/wp\/v2\/pages\/46\/revisions"}],"predecessor-version":[{"id":418,"href":"https:\/\/manhovestables.com\/nl\/wp-json\/wp\/v2\/pages\/46\/revisions\/418"}],"wp:attachment":[{"href":"https:\/\/manhovestables.com\/nl\/wp-json\/wp\/v2\/media?parent=46"}],"curies":[{"name":"wp","href":"https:\/\/api.w.org\/{rel}","templated":true}]}}