{"id":44,"date":"2021-08-31T17:43:02","date_gmt":"2021-08-31T15:43:02","guid":{"rendered":"http:\/\/localhost\/manhove_stables\/?page_id=44"},"modified":"2025-05-12T14:38:09","modified_gmt":"2025-05-12T12:38:09","slug":"pension","status":"publish","type":"page","link":"https:\/\/manhovestables.com\/nl\/pension\/","title":{"rendered":"Stalling"},"content":{"rendered":"<div class=\"vce-row-container\" data-vce-boxed-width=\"true\"><div class=\"vce-row vce-row--col-gap-30 vce-row-equal-height vce-row-content--top\" id=\"el-1760d8e1\" data-vce-do-apply=\"all el-1760d8e1\"><div class=\"vce-row-content\" data-vce-element-content=\"true\"><div class=\"vce-col vce-col--md-auto vce-col--xs-1 vce-col--xs-last vce-col--xs-first vce-col--sm-last vce-col--sm-first vce-col--md-last vce-col--lg-last vce-col--xl-last vce-col--md-first vce-col--lg-first vce-col--xl-first\" id=\"el-aa7fb19c\"><div class=\"vce-col-inner\" data-vce-do-apply=\"border margin background  el-aa7fb19c\"><div class=\"vce-col-content\" data-vce-element-content=\"true\" data-vce-do-apply=\"padding el-aa7fb19c\"><div class=\"vce-text-block\"><div class=\"vce-text-block-wrapper vce\" id=\"el-aa27ba17\" data-vce-do-apply=\"all el-aa27ba17\"><h2><span style=\"font-size: 22pt;\"><strong>Pensionstal en diensten<\/strong><\/span><\/h2><p><span style=\"color: #000000;\">Stallen worden elke dag gemulcht en 1x per week schoongemaakt*.<\/span><br><span style=\"color: #000000;\">We voeren 2 keer per dag korrels en 2 keer per dag hooi.<\/span><br><span style=\"color: #000000;\">Toegang tot de weide van april tot oktober (afhankelijk van het weer).<\/span><br><span style=\"color: #000000;\">En tot de infrastructuur 7 op 7 (zie openingsuren).<\/span><\/p><p>Stalling :<\/p><ul><li>Vol pension : Maandelijks tarief 400\u20ac<\/li><li>Lege pensionstal vanaf 180\u20ac.<\/li><li>Mogelijkheid tot huren van een deel van een gang, voorwaarden op aanvraag.<\/li><\/ul><\/div><\/div><\/div><\/div><\/div><\/div><\/div><\/div>","protected":false},"excerpt":{"rendered":"<p>Pensions et servicesLes boxes sont paill\u00e9s tous les jours et cur\u00e9s 1x\/ semaine*.Les chevaux sont nourris 2x\/jour en grains et foin.Acc\u00e8s&nbsp;aux prairies d\u2019avril \u00e0 octobre &nbsp;et en fonction de la m\u00e9t\u00e9o.Acc\u00e8s aux infrastructures 7j.\/7 (voir heures d\u2019ouverture).Pensions :Pension compl\u00e8te* : Tarif mensuel 400\u20ac.Pension boxe vide : Tarif \u00e0 partir de [&hellip;]<\/p>","protected":false},"author":2,"featured_media":0,"parent":0,"menu_order":0,"comment_status":"closed","ping_status":"closed","template":"","meta":{"footnotes":""},"class_list":["post-44","page","type-page","status-publish","hentry"],"_links":{"self":[{"href":"https:\/\/manhovestables.com\/nl\/wp-json\/wp\/v2\/pages\/44","targetHints":{"allow":["GET"]}}],"collection":[{"href":"https:\/\/manhovestables.com\/nl\/wp-json\/wp\/v2\/pages"}],"about":[{"href":"https:\/\/manhovestables.com\/nl\/wp-json\/wp\/v2\/types\/page"}],"author":[{"embeddable":true,"href":"https:\/\/manhovestables.com\/nl\/wp-json\/wp\/v2\/users\/2"}],"replies":[{"embeddable":true,"href":"https:\/\/manhovestables.com\/nl\/wp-json\/wp\/v2\/comments?post=44"}],"version-history":[{"count":17,"href":"https:\/\/manhovestables.com\/nl\/wp-json\/wp\/v2\/pages\/44\/revisions"}],"predecessor-version":[{"id":452,"href":"https:\/\/manhovestables.com\/nl\/wp-json\/wp\/v2\/pages\/44\/revisions\/452"}],"wp:attachment":[{"href":"https:\/\/manhovestables.com\/nl\/wp-json\/wp\/v2\/media?parent=44"}],"curies":[{"name":"wp","href":"https:\/\/api.w.org\/{rel}","templated":true}]}}