{"id":435,"date":"2024-08-30T13:30:30","date_gmt":"2024-08-30T11:30:30","guid":{"rendered":"https:\/\/manhovestables.com\/?page_id=435"},"modified":"2024-08-30T13:40:04","modified_gmt":"2024-08-30T11:40:04","slug":"notre-elevage","status":"publish","type":"page","link":"https:\/\/manhovestables.com\/nl\/notre-elevage\/","title":{"rendered":"Onze fokkerij"},"content":{"rendered":"<div class=\"vce-row-container\" data-vce-boxed-width=\"true\"><div class=\"vce-row vce-row--col-gap-30 vce-row-equal-height vce-row-content--top\" id=\"el-8bf284a5\" data-vce-do-apply=\"all el-8bf284a5\"><div class=\"vce-row-content\" data-vce-element-content=\"true\"><div class=\"vce-col vce-col--md-auto vce-col--xs-1 vce-col--xs-last vce-col--xs-first vce-col--sm-last vce-col--sm-first vce-col--md-last vce-col--lg-last vce-col--xl-last vce-col--md-first vce-col--lg-first vce-col--xl-first\" id=\"el-b139c504\"><div class=\"vce-col-inner\" data-vce-do-apply=\"border margin background  el-b139c504\"><div class=\"vce-col-content\" data-vce-element-content=\"true\" data-vce-do-apply=\"padding el-b139c504\"><div class=\"vce-text-block\"><div class=\"vce-text-block-wrapper vce\" id=\"el-dae1036b\" data-vce-do-apply=\"all el-dae1036b\"><p>Onze familiale fokkerij is gesitueerd in een idyllish kader. Biedt een perfecte omgeving voor het welzijn en ontwikkeling van onze paarden.<\/p><p>Elk paard geniet van een persoonlijke aanpak, gebalanceerde voeding en een trainingsprograma aangepast aan zijn noden.<\/p><p>We fokken sportpaarden voor jumping, dressuur en eventing en kiezen hiervoor de beste hengsten.<\/p><\/div><\/div><\/div><\/div><\/div><\/div><\/div><\/div><div class=\"vce-row-container\" data-vce-boxed-width=\"true\"><div class=\"vce-row vce-row--col-gap-30 vce-row-equal-height vce-row-content--top\" id=\"el-234b6357\" data-vce-do-apply=\"all el-234b6357\"><div class=\"vce-row-content\" data-vce-element-content=\"true\"><div class=\"vce-col vce-col--md-auto vce-col--xs-1 vce-col--xs-last vce-col--xs-first vce-col--sm-last vce-col--sm-first vce-col--md-first vce-col--lg-first vce-col--xl-first\" id=\"el-e668cee8\"><div class=\"vce-col-inner\" data-vce-do-apply=\"border margin background  el-e668cee8\"><div class=\"vce-col-content\" data-vce-element-content=\"true\" data-vce-do-apply=\"padding el-e668cee8\"><div class=\"vce-single-image-container vce-single-image--align-left\"><div class=\"vce vce-single-image-wrapper\" id=\"el-4af7da1c\" data-vce-do-apply=\"all el-4af7da1c\"><figure><div class=\"vce-single-image-figure-inner\" style=\"width: 846px;\"><div class=\"vce-single-image-inner vce-single-image--absolute vce-single-image--border-rounded\" style=\"width: 100%; padding-bottom: 105.792%;\"><img loading=\"lazy\" decoding=\"async\" class=\"vce-single-image\"  width=\"846\" height=\"895\" srcset=\"https:\/\/manhovestables.com\/wp-content\/uploads\/2024\/08\/Cheval-qui-mange-de-lherbe-320x339.jpg 320w, https:\/\/manhovestables.com\/wp-content\/uploads\/2024\/08\/Cheval-qui-mange-de-lherbe-480x508.jpg 480w, https:\/\/manhovestables.com\/wp-content\/uploads\/2024\/08\/Cheval-qui-mange-de-lherbe-800x846.jpg 800w, https:\/\/manhovestables.com\/wp-content\/uploads\/2024\/08\/Cheval-qui-mange-de-lherbe-846x895.jpg 846w\" src=\"https:\/\/manhovestables.com\/wp-content\/uploads\/2024\/08\/Cheval-qui-mange-de-lherbe-846x895.jpg\" data-img-src=\"https:\/\/manhovestables.com\/wp-content\/uploads\/2024\/08\/Cheval-qui-mange-de-lherbe.jpg\" data-attachment-id=\"436\"  alt=\"Demoiselle de Montrose\" title=\"Cheval qui mange de l'herbe\" \/><\/div><\/div><figcaption>Fokmerrie Demoiselle de Montrose 2013. Don Index x Lauries Crusador<\/figcaption><\/figure><\/div><\/div><\/div><\/div><\/div><div class=\"vce-col vce-col--md-auto vce-col--xs-1 vce-col--xs-last vce-col--xs-first vce-col--sm-last vce-col--sm-first\" id=\"el-3d58ebe4\"><div class=\"vce-col-inner\" data-vce-do-apply=\"border margin background  el-3d58ebe4\"><div class=\"vce-col-content\" data-vce-element-content=\"true\" data-vce-do-apply=\"padding el-3d58ebe4\"><div class=\"vce-single-image-container vce-single-image--align-left\"><div class=\"vce vce-single-image-wrapper\" id=\"el-e12661a7\" data-vce-do-apply=\"all el-e12661a7\"><figure><div class=\"vce-single-image-figure-inner\" style=\"width: 310px;\"><div class=\"vce-single-image-inner vce-single-image--absolute vce-single-image--border-rounded\" style=\"width: 100%; padding-bottom: 100%;\"><img loading=\"lazy\" decoding=\"async\" class=\"vce-single-image\"  width=\"310\" height=\"310\" srcset=\"https:\/\/manhovestables.com\/wp-content\/uploads\/2024\/08\/cheval-de-profil-dans-le-pre-310x240.jpg 310w\" src=\"https:\/\/manhovestables.com\/wp-content\/uploads\/2024\/08\/cheval-de-profil-dans-le-pre-310x240.jpg\" data-img-src=\"https:\/\/manhovestables.com\/wp-content\/uploads\/2024\/08\/cheval-de-profil-dans-le-pre.jpg\" data-attachment-id=\"437\"  alt=\"Diamant de Semilly\" title=\"cheval de profil dans le pr\u00e9\" \/><\/div><\/div><figcaption>Merrie 2023. \nDiamant de Semilly x Don Index<\/figcaption><\/figure><\/div><\/div><\/div><\/div><\/div><div class=\"vce-col vce-col--md-auto vce-col--xs-1 vce-col--xs-last vce-col--xs-first vce-col--sm-last vce-col--sm-first vce-col--md-last vce-col--lg-last vce-col--xl-last\" id=\"el-b7e47c50\"><div class=\"vce-col-inner\" data-vce-do-apply=\"border margin background  el-b7e47c50\"><div class=\"vce-col-content\" data-vce-element-content=\"true\" data-vce-do-apply=\"padding el-b7e47c50\"><div class=\"vce-single-image-container vce-single-image--align-left\"><div class=\"vce vce-single-image-wrapper\" id=\"el-d2ad8baa\" data-vce-do-apply=\"all el-d2ad8baa\"><figure><div class=\"vce-single-image-figure-inner\" style=\"width: 226px;\"><div class=\"vce-single-image-inner vce-single-image--absolute vce-single-image--border-rounded\" style=\"width: 100%; padding-bottom: 133.628%;\"><img loading=\"lazy\" decoding=\"async\" class=\"vce-single-image\"  width=\"226\" height=\"302\" srcset=\"https:\/\/manhovestables.com\/wp-content\/uploads\/2024\/08\/poulin-mignon-226x240.jpg 226w\" src=\"https:\/\/manhovestables.com\/wp-content\/uploads\/2024\/08\/poulin-mignon-226x240.jpg\" data-img-src=\"https:\/\/manhovestables.com\/wp-content\/uploads\/2024\/08\/poulin-mignon.jpg\" data-attachment-id=\"438\"  alt=\"Pouliche 2024\" title=\"poulin mignon\" \/><\/div><\/div><figcaption>Merrie 2024.\nSandreo du feuillard x Don Index<\/figcaption><\/figure><\/div><\/div><\/div><\/div><\/div><\/div><\/div><\/div>","protected":false},"excerpt":{"rendered":"<p>Notre \u00e9levage familial situ\u00e9 dans un cadre idyllique offre un environnement parfait pour le bien-\u00eatre et le d\u00e9veloppement de nos chevaux.Chaque cheval b\u00e9n\u00e9ficie d&rsquo;une attention personnalis\u00e9e, d&rsquo;une alimentation \u00e9quilibr\u00e9e et d&rsquo;un programme d&rsquo;entra\u00eenement adapt\u00e9 \u00e0 ses besoins.Nous \u00e9levons des chevaux pour le sport (complet, jumping, dressage) et pour ce faire, [&hellip;]<\/p>","protected":false},"author":2,"featured_media":0,"parent":0,"menu_order":0,"comment_status":"closed","ping_status":"closed","template":"","meta":{"footnotes":""},"class_list":["post-435","page","type-page","status-publish","hentry"],"_links":{"self":[{"href":"https:\/\/manhovestables.com\/nl\/wp-json\/wp\/v2\/pages\/435","targetHints":{"allow":["GET"]}}],"collection":[{"href":"https:\/\/manhovestables.com\/nl\/wp-json\/wp\/v2\/pages"}],"about":[{"href":"https:\/\/manhovestables.com\/nl\/wp-json\/wp\/v2\/types\/page"}],"author":[{"embeddable":true,"href":"https:\/\/manhovestables.com\/nl\/wp-json\/wp\/v2\/users\/2"}],"replies":[{"embeddable":true,"href":"https:\/\/manhovestables.com\/nl\/wp-json\/wp\/v2\/comments?post=435"}],"version-history":[{"count":6,"href":"https:\/\/manhovestables.com\/nl\/wp-json\/wp\/v2\/pages\/435\/revisions"}],"predecessor-version":[{"id":445,"href":"https:\/\/manhovestables.com\/nl\/wp-json\/wp\/v2\/pages\/435\/revisions\/445"}],"wp:attachment":[{"href":"https:\/\/manhovestables.com\/nl\/wp-json\/wp\/v2\/media?parent=435"}],"curies":[{"name":"wp","href":"https:\/\/api.w.org\/{rel}","templated":true}]}}